{"id":22278,"date":"2021-01-19T17:51:16","date_gmt":"2021-01-19T16:51:18","guid":{"rendered":"https:\/\/www.mongrip.com\/?post_type=product&#038;p=22278"},"modified":"2024-05-07T16:39:31","modified_gmt":"2024-05-07T14:39:31","slug":"tabac-acier","status":"publish","type":"product","link":"https:\/\/dev.mongrip.com\/fr\/produit\/tabac-acier\/","title":{"rendered":"F1 Race TABAC &#8211; Steel &#038; Gold 18K"},"content":{"rendered":"[vc_row type=\u00a0\u00bbin_container\u00a0\u00bb full_screen_row_position=\u00a0\u00bbmiddle\u00a0\u00bb scene_position=\u00a0\u00bbcenter\u00a0\u00bb text_color=\u00a0\u00bbdark\u00a0\u00bb text_align=\u00a0\u00bbleft\u00a0\u00bb overlay_strength=\u00a0\u00bb0.3&Prime;][vc_column column_padding=\u00a0\u00bbno-extra-padding\u00a0\u00bb column_padding_position=\u00a0\u00bball\u00a0\u00bb background_color_opacity=\u00a0\u00bb1&Prime; background_hover_color_opacity=\u00a0\u00bb1&Prime; column_shadow=\u00a0\u00bbnone\u00a0\u00bb width=\u00a0\u00bb1\/1&Prime; tablet_text_alignment=\u00a0\u00bbdefault\u00a0\u00bb phone_text_alignment=\u00a0\u00bbdefault\u00a0\u00bb column_border_width=\u00a0\u00bbnone\u00a0\u00bb column_border_style=\u00a0\u00bbsolid\u00a0\u00bb][vc_column_text]\n<div class=\"zn_text_box eluid8eaeeb3c zn_text_box-light element-scheme--light\">\n<div class=\"datagrid\">\n<p class=\"additionalinformationtab\" style=\"margin: 0cm; vertical-align: baseline;\">\n<div class=\"wpdt-c row wpDataTableContainerSimpleTable wpDataTables wpDataTablesWrapper\n\"\n    >\n        <table id=\"wpdtSimpleTable-8\"\n           style=\"border-collapse:collapse;\n                   border-spacing:0px;\"\n           class=\"wpdtSimpleTable wpDataTable\"\n           data-column=\"2\"\n           data-rows=\"14\"\n           data-wpID=\"8\"\n           data-responsive=\"0\"\n           data-has-header=\"0\">\n\n                    <tbody>        <tr class=\"wpdt-cell-row \" >\n                                <td class=\"wpdt-cell wpdt-bold wpdt-bc-F44336 wpdt-tc-FFFFFF\"\n                                            data-cell-id=\"A1\"\n                    data-col-index=\"0\"\n                    data-row-index=\"0\"\n                    style=\" width:45.317725752508%;                    padding:10px;\n                    \"\n                    >\n                                        CODE MODEL:                    <\/td>\n                                                <td class=\"wpdt-cell \"\n                                            data-cell-id=\"B1\"\n                    data-col-index=\"1\"\n                    data-row-index=\"0\"\n                    style=\" width:54.682274247492%;                    padding:10px;\n                    \"\n                    >\n                                        F1RTD                    <\/td>\n                                        <\/tr>\n                            <tr class=\"wpdt-cell-row \" >\n                                <td class=\"wpdt-cell wpdt-bold wpdt-bc-F44336 wpdt-tc-FFFFFF\"\n                                            data-cell-id=\"A2\"\n                    data-col-index=\"0\"\n                    data-row-index=\"1\"\n                    style=\"                    padding:10px;\n                    \"\n                    >\n                                        COLLECTIONS:                    <\/td>\n                                                <td class=\"wpdt-cell \"\n                                            data-cell-id=\"B2\"\n                    data-col-index=\"1\"\n                    data-row-index=\"1\"\n                    style=\"                    padding:10px;\n                    \"\n                    >\n                                        Race                    <\/td>\n                                        <\/tr>\n                            <tr class=\"wpdt-cell-row \" >\n                                <td class=\"wpdt-cell wpdt-bold wpdt-bc-F44336 wpdt-tc-FFFFFF\"\n                                            data-cell-id=\"A3\"\n                    data-col-index=\"0\"\n                    data-row-index=\"2\"\n                    style=\"                    padding:10px;\n                    \"\n                    >\n                                        BRACELET SERIAL NUMBER:                    <\/td>\n                                                <td class=\"wpdt-cell \"\n                                            data-cell-id=\"B3\"\n                    data-col-index=\"1\"\n                    data-row-index=\"2\"\n                    style=\"                    padding:10px;\n                    \"\n                    >\n                                        Yes                    <\/td>\n                                        <\/tr>\n                            <tr class=\"wpdt-cell-row \" >\n                                <td class=\"wpdt-cell wpdt-bold wpdt-bc-F44336 wpdt-tc-FFFFFF\"\n                                            data-cell-id=\"A4\"\n                    data-col-index=\"0\"\n                    data-row-index=\"3\"\n                    style=\"                    padding:10px;\n                    \"\n                    >\n                                        METAL:                    <\/td>\n                                                <td class=\"wpdt-cell \"\n                                            data-cell-id=\"B4\"\n                    data-col-index=\"1\"\n                    data-row-index=\"3\"\n                    style=\"                    padding:10px;\n                    \"\n                    >\n                                        Steel & Gold 18 K                    <\/td>\n                                        <\/tr>\n                            <tr class=\"wpdt-cell-row \" >\n                                <td class=\"wpdt-cell wpdt-bold wpdt-bc-F44336 wpdt-tc-FFFFFF\"\n                                            data-cell-id=\"A5\"\n                    data-col-index=\"0\"\n                    data-row-index=\"4\"\n                    style=\"                    padding:10px;\n                    \"\n                    >\n                                        METAL FINISHING:                    <\/td>\n                                                <td class=\"wpdt-cell \"\n                                            data-cell-id=\"B5\"\n                    data-col-index=\"1\"\n                    data-row-index=\"4\"\n                    style=\"                    padding:10px;\n                    \"\n                    >\n                                        Polished                    <\/td>\n                                        <\/tr>\n                            <tr class=\"wpdt-cell-row \" >\n                                <td class=\"wpdt-cell wpdt-bold wpdt-bc-F44336 wpdt-tc-FFFFFF\"\n                                            data-cell-id=\"A6\"\n                    data-col-index=\"0\"\n                    data-row-index=\"5\"\n                    style=\"                    padding:10px;\n                    \"\n                    >\n                                        MAX HEIGHT:                    <\/td>\n                                                <td class=\"wpdt-cell \"\n                                            data-cell-id=\"B6\"\n                    data-col-index=\"1\"\n                    data-row-index=\"5\"\n                    style=\"                    padding:10px;\n                    \"\n                    >\n                                        4,5 mm \u2013 0,17 In                    <\/td>\n                                        <\/tr>\n                            <tr class=\"wpdt-cell-row \" >\n                                <td class=\"wpdt-cell wpdt-bold wpdt-bc-F44336 wpdt-tc-FFFFFF\"\n                                            data-cell-id=\"A7\"\n                    data-col-index=\"0\"\n                    data-row-index=\"6\"\n                    style=\"                    padding:10px;\n                    \"\n                    >\n                                        MAX WIDTH:                    <\/td>\n                                                <td class=\"wpdt-cell \"\n                                            data-cell-id=\"B7\"\n                    data-col-index=\"1\"\n                    data-row-index=\"6\"\n                    style=\"                    padding:10px;\n                    \"\n                    >\n                                        11,5 mm \u2013 0,45 In                    <\/td>\n                                        <\/tr>\n                            <tr class=\"wpdt-cell-row \" >\n                                <td class=\"wpdt-cell wpdt-bold wpdt-bc-F44336 wpdt-tc-FFFFFF\"\n                                            data-cell-id=\"A8\"\n                    data-col-index=\"0\"\n                    data-row-index=\"7\"\n                    style=\"                    padding:10px;\n                    \"\n                    >\n                                        NUMBER OF STRINGS:                    <\/td>\n                                                <td class=\"wpdt-cell \"\n                                            data-cell-id=\"B8\"\n                    data-col-index=\"1\"\n                    data-row-index=\"7\"\n                    style=\"                    padding:10px;\n                    \"\n                    >\n                                        1                    <\/td>\n                                        <\/tr>\n                            <tr class=\"wpdt-cell-row \" >\n                                <td class=\"wpdt-cell wpdt-bold wpdt-bc-F44336 wpdt-tc-FFFFFF\"\n                                            data-cell-id=\"A9\"\n                    data-col-index=\"0\"\n                    data-row-index=\"8\"\n                    style=\"                    padding:10px;\n                    \"\n                    >\n                                        CLASP:                    <\/td>\n                                                <td class=\"wpdt-cell \"\n                                            data-cell-id=\"B9\"\n                    data-col-index=\"1\"\n                    data-row-index=\"8\"\n                    style=\"                    padding:10px;\n                    \"\n                    >\n                                        Hidden                    <\/td>\n                                        <\/tr>\n                            <tr class=\"wpdt-cell-row \" >\n                                <td class=\"wpdt-cell wpdt-bold wpdt-bc-F44336 wpdt-tc-FFFFFF\"\n                                            data-cell-id=\"A10\"\n                    data-col-index=\"0\"\n                    data-row-index=\"9\"\n                    style=\"                    padding:10px;\n                    \"\n                    >\n                                        CLASP LENGTH:                    <\/td>\n                                                <td class=\"wpdt-cell \"\n                                            data-cell-id=\"B10\"\n                    data-col-index=\"1\"\n                    data-row-index=\"9\"\n                    style=\"                    padding:10px;\n                    \"\n                    >\n                                        23 mm \u2013 0,90 In                    <\/td>\n                                        <\/tr>\n                            <tr class=\"wpdt-cell-row \" >\n                                <td class=\"wpdt-cell wpdt-bold wpdt-bc-F44336 wpdt-tc-FFFFFF\"\n                                            data-cell-id=\"A11\"\n                    data-col-index=\"0\"\n                    data-row-index=\"10\"\n                    style=\"                    padding:10px;\n                    \"\n                    >\n                                        CLASP WEIGHT                    <\/td>\n                                                <td class=\"wpdt-cell \"\n                                            data-cell-id=\"B11\"\n                    data-col-index=\"1\"\n                    data-row-index=\"10\"\n                    style=\"                    padding:10px;\n                    \"\n                    >\n                                        Steel : 4,00 g \u2013 Gold 18K: 2,55                    <\/td>\n                                        <\/tr>\n                            <tr class=\"wpdt-cell-row \" >\n                                <td class=\"wpdt-cell wpdt-bold wpdt-bc-F44336 wpdt-tc-FFFFFF\"\n                                            data-cell-id=\"A12\"\n                    data-col-index=\"0\"\n                    data-row-index=\"11\"\n                    style=\"                    padding:10px;\n                    \"\n                    >\n                                        NUMBER METAL DETAILS:                    <\/td>\n                                                <td class=\"wpdt-cell \"\n                                            data-cell-id=\"B12\"\n                    data-col-index=\"1\"\n                    data-row-index=\"11\"\n                    style=\"                    padding:10px;\n                    \"\n                    >\n                                        \u2013                    <\/td>\n                                        <\/tr>\n                            <tr class=\"wpdt-cell-row \" >\n                                <td class=\"wpdt-cell wpdt-bold wpdt-bc-F44336 wpdt-tc-FFFFFF\"\n                                            data-cell-id=\"A13\"\n                    data-col-index=\"0\"\n                    data-row-index=\"12\"\n                    style=\"                    padding:10px;\n                    \"\n                    >\n                                        WEIGHT METAL DETAILS (PCS):                    <\/td>\n                                                <td class=\"wpdt-cell \"\n                                            data-cell-id=\"B13\"\n                    data-col-index=\"1\"\n                    data-row-index=\"12\"\n                    style=\"                    padding:10px;\n                    \"\n                    >\n                                        \u2013                    <\/td>\n                                        <\/tr>\n                            <tr class=\"wpdt-cell-row \" >\n                                <td class=\"wpdt-cell wpdt-bold wpdt-bc-F44336 wpdt-tc-FFFFFF\"\n                                            data-cell-id=\"A14\"\n                    data-col-index=\"0\"\n                    data-row-index=\"13\"\n                    style=\"                    padding:10px;\n                    \"\n                    >\n                                        WEIGHT COMPLETE BRACELET:                    <\/td>\n                                                <td class=\"wpdt-cell \"\n                                            data-cell-id=\"B14\"\n                    data-col-index=\"1\"\n                    data-row-index=\"13\"\n                    style=\"                    padding:10px;\n                    \"\n                    >\n                                        11 g                    <\/td>\n                                        <\/tr>\n                    <\/table>\n<\/div><style id='wpdt-custom-style-8'>\n.wpdt-bc-F44336 { background-color: #F44336 !important;}\n.wpdt-tc-FFFFFF { color: #FFFFFF !important;}\n<\/style>\n\n<\/div>\n<\/div>\n<p>&nbsp;<\/p>\n<p><span style=\"font-size: 12px;\">WARRANTY AND PACKAGING: THE MONGRIP\u2122 JEWELRY COMES WITH A GUARANTEE CERTIFICATE ATTESTING TO THE TYPE OF METAL (GOLD 18 KT OR SILVER 925) AND TYRE PORTION USED.<br \/>\nTHE WEIGHTS AND MEASURES OF THE COMPLETE BRACELET ARE APPROXIMATE AND VARY DEPENDING ON THE CHARACTERISTICS OF THE TIRE PORTION USED (TOLERANCE +\/- 5%).<\/span><\/p>\n[\/vc_column_text][\/vc_column][\/vc_row]\n","protected":false},"excerpt":{"rendered":"<h4 style=\"text-align: center;\">Le must du style \u00ab\u00a0on the road\u00a0\u00bb: l&rsquo;essence de l\u2019accessoire MONGRIP\u2122 pour ceux qui aiment se distinguer par leur unicit\u00e9, exclusivit\u00e9 et charme myst\u00e9rieux, capable de s&rsquo;adapter \u00e0 tous les look.<\/h4>\n","protected":false},"featured_media":22297,"template":"","meta":{"iawp_total_views":20},"product_type":[5],"product_cat":[69,161,57],"product_tag":[],"class_list":{"0":"post-22278","1":"product","2":"type-product","3":"status-publish","4":"has-post-thumbnail","6":"product_cat-race-fr","7":"product_cat-acier-et-or-18-k","8":"product_cat-tabac-fr","10":"first","11":"instock","12":"taxable","13":"shipping-taxable","14":"purchasable","15":"product-type-variable"},"_links":{"self":[{"href":"https:\/\/dev.mongrip.com\/fr\/wp-json\/wp\/v2\/product\/22278"}],"collection":[{"href":"https:\/\/dev.mongrip.com\/fr\/wp-json\/wp\/v2\/product"}],"about":[{"href":"https:\/\/dev.mongrip.com\/fr\/wp-json\/wp\/v2\/types\/product"}],"wp:featuredmedia":[{"embeddable":true,"href":"https:\/\/dev.mongrip.com\/fr\/wp-json\/wp\/v2\/media\/22297"}],"wp:attachment":[{"href":"https:\/\/dev.mongrip.com\/fr\/wp-json\/wp\/v2\/media?parent=22278"}],"wp:term":[{"taxonomy":"product_type","embeddable":true,"href":"https:\/\/dev.mongrip.com\/fr\/wp-json\/wp\/v2\/product_type?post=22278"},{"taxonomy":"product_cat","embeddable":true,"href":"https:\/\/dev.mongrip.com\/fr\/wp-json\/wp\/v2\/product_cat?post=22278"},{"taxonomy":"product_tag","embeddable":true,"href":"https:\/\/dev.mongrip.com\/fr\/wp-json\/wp\/v2\/product_tag?post=22278"}],"curies":[{"name":"wp","href":"https:\/\/api.w.org\/{rel}","templated":true}]}}