{"id":104338,"date":"2024-08-07T18:11:04","date_gmt":"2024-08-07T16:11:04","guid":{"rendered":"https:\/\/www.mongrip.com\/prodotto\/asmkh\/"},"modified":"2024-09-02T11:58:44","modified_gmt":"2024-09-02T09:58:44","slug":"track","status":"publish","type":"product","link":"https:\/\/dev.mongrip.com\/fr\/produit\/track\/","title":{"rendered":"Track Limited Edition"},"content":{"rendered":"","protected":false},"excerpt":{"rendered":"<div>\n<p><img loading=\"lazy\" decoding=\"async\" class=\"alignnone size-medium wp-image-108391\" src=\"https:\/\/dev.mongrip.com\/wp-content\/uploads\/the-temple-of-speed-monza-mongrip-300x61.jpg\" alt=\"\" width=\"300\" height=\"61\" srcset=\"https:\/\/dev.mongrip.com\/wp-content\/uploads\/the-temple-of-speed-monza-mongrip-300x61.jpg 300w, https:\/\/dev.mongrip.com\/wp-content\/uploads\/the-temple-of-speed-monza-mongrip-600x122.jpg 600w, https:\/\/dev.mongrip.com\/wp-content\/uploads\/the-temple-of-speed-monza-mongrip.jpg 740w\" sizes=\"(max-width: 300px) 100vw, 300px\" \/><\/p>\n<\/div>\n<div>\n<hr \/>\n<p>&nbsp;<\/p>\n<\/div>\n<div>Relique repr\u00e9sentant un authentique morceau d&rsquo;asphalte de la piste de Monza, collect\u00e9e en janvier 2024.<\/div>\n<div><strong><strong>Cette \u00e9dition limit\u00e9e n&rsquo;est compos\u00e9e que de 5 793 pi\u00e8ces.<\/strong><\/strong><\/div>\n<p>&nbsp;<\/p>\n","protected":false},"featured_media":108408,"template":"","meta":{"iawp_total_views":72},"product_type":[3],"product_cat":[246,247],"product_tag":[],"class_list":{"0":"post-104338","1":"product","2":"type-product","3":"status-publish","4":"has-post-thumbnail","6":"product_cat-asphalt-collection-fr","7":"product_cat-monza-fr","9":"first","10":"instock","11":"taxable","12":"shipping-taxable","13":"purchasable","14":"product-type-simple"},"_links":{"self":[{"href":"https:\/\/dev.mongrip.com\/fr\/wp-json\/wp\/v2\/product\/104338"}],"collection":[{"href":"https:\/\/dev.mongrip.com\/fr\/wp-json\/wp\/v2\/product"}],"about":[{"href":"https:\/\/dev.mongrip.com\/fr\/wp-json\/wp\/v2\/types\/product"}],"wp:featuredmedia":[{"embeddable":true,"href":"https:\/\/dev.mongrip.com\/fr\/wp-json\/wp\/v2\/media\/108408"}],"wp:attachment":[{"href":"https:\/\/dev.mongrip.com\/fr\/wp-json\/wp\/v2\/media?parent=104338"}],"wp:term":[{"taxonomy":"product_type","embeddable":true,"href":"https:\/\/dev.mongrip.com\/fr\/wp-json\/wp\/v2\/product_type?post=104338"},{"taxonomy":"product_cat","embeddable":true,"href":"https:\/\/dev.mongrip.com\/fr\/wp-json\/wp\/v2\/product_cat?post=104338"},{"taxonomy":"product_tag","embeddable":true,"href":"https:\/\/dev.mongrip.com\/fr\/wp-json\/wp\/v2\/product_tag?post=104338"}],"curies":[{"name":"wp","href":"https:\/\/api.w.org\/{rel}","templated":true}]}}