{"id":78766,"date":"2024-01-25T15:53:13","date_gmt":"2024-01-25T14:53:13","guid":{"rendered":"https:\/\/www.mongrip.com\/prodotto\/gt-race-rascasse-silver-925-1000\/"},"modified":"2024-05-07T16:26:09","modified_gmt":"2024-05-07T14:26:09","slug":"gt-race-rascasse-silver-925-1000","status":"publish","type":"product","link":"https:\/\/dev.mongrip.com\/de\/Produkt\/gt-race-rascasse-silver-925-1000\/","title":{"rendered":"GT Race RASCASSE &#8211;  Silver 925\/1000"},"content":{"rendered":"<div class=\"zn_text_box eluid8eaeeb3c zn_text_box-light element-scheme--light\">\n<div class=\"datagrid\">\n\n<div class=\"wpdt-c row wpDataTableContainerSimpleTable wpDataTables wpDataTablesWrapper\n\"\n    >\n        <table id=\"wpdtSimpleTable-14\"\n           style=\"border-collapse:collapse;\n                   border-spacing:0px;\"\n           class=\"wpdtSimpleTable wpDataTable\"\n           data-column=\"2\"\n           data-rows=\"13\"\n           data-wpID=\"14\"\n           data-responsive=\"0\"\n           data-has-header=\"0\">\n\n                    <tbody>        <tr class=\"wpdt-cell-row \" >\n                                <td class=\"wpdt-cell wpdt-bold wpdt-bc-F44336 wpdt-tc-FFFFFF\"\n                                            data-cell-id=\"A1\"\n                    data-col-index=\"0\"\n                    data-row-index=\"0\"\n                    style=\" width:46.023688663283%;                    padding:10px;\n                    \"\n                    >\n                                        CODE MODEL:                    <\/td>\n                                                <td class=\"wpdt-cell \"\n                                            data-cell-id=\"B1\"\n                    data-col-index=\"1\"\n                    data-row-index=\"0\"\n                    style=\" width:53.976311336717%;                    padding:10px;\n                    \"\n                    >\n                                        GTRRV                    <\/td>\n                                        <\/tr>\n                            <tr class=\"wpdt-cell-row \" >\n                                <td class=\"wpdt-cell wpdt-bold wpdt-bc-F44336 wpdt-tc-FFFFFF\"\n                                            data-cell-id=\"A2\"\n                    data-col-index=\"0\"\n                    data-row-index=\"1\"\n                    style=\"                    padding:10px;\n                    \"\n                    >\n                                        COLLECTIONS:                    <\/td>\n                                                <td class=\"wpdt-cell \"\n                                            data-cell-id=\"B2\"\n                    data-col-index=\"1\"\n                    data-row-index=\"1\"\n                    style=\"                    padding:10px;\n                    \"\n                    >\n                                        Race                    <\/td>\n                                        <\/tr>\n                            <tr class=\"wpdt-cell-row \" >\n                                <td class=\"wpdt-cell wpdt-bold wpdt-bc-F44336 wpdt-tc-FFFFFF\"\n                                            data-cell-id=\"A3\"\n                    data-col-index=\"0\"\n                    data-row-index=\"2\"\n                    style=\"                    padding:10px;\n                    \"\n                    >\n                                        BRACELET SERIAL NUMBER:                    <\/td>\n                                                <td class=\"wpdt-cell \"\n                                            data-cell-id=\"B3\"\n                    data-col-index=\"1\"\n                    data-row-index=\"2\"\n                    style=\"                    padding:10px;\n                    \"\n                    >\n                                        Yes                    <\/td>\n                                        <\/tr>\n                            <tr class=\"wpdt-cell-row \" >\n                                <td class=\"wpdt-cell wpdt-bold wpdt-bc-F44336 wpdt-tc-FFFFFF\"\n                                            data-cell-id=\"A4\"\n                    data-col-index=\"0\"\n                    data-row-index=\"3\"\n                    style=\"                    padding:10px;\n                    \"\n                    >\n                                        METAL:                    <\/td>\n                                                <td class=\"wpdt-cell \"\n                                            data-cell-id=\"B4\"\n                    data-col-index=\"1\"\n                    data-row-index=\"3\"\n                    style=\"                    padding:10px;\n                    \"\n                    >\n                                        Silver 925\/1000                    <\/td>\n                                        <\/tr>\n                            <tr class=\"wpdt-cell-row \" >\n                                <td class=\"wpdt-cell wpdt-bold wpdt-bc-F44336 wpdt-tc-FFFFFF\"\n                                            data-cell-id=\"A5\"\n                    data-col-index=\"0\"\n                    data-row-index=\"4\"\n                    style=\"                    padding:10px;\n                    \"\n                    >\n                                        METAL FINISHING:                    <\/td>\n                                                <td class=\"wpdt-cell \"\n                                            data-cell-id=\"B5\"\n                    data-col-index=\"1\"\n                    data-row-index=\"4\"\n                    style=\"                    padding:10px;\n                    \"\n                    >\n                                        Polished, Vintage-Modern Design                    <\/td>\n                                        <\/tr>\n                            <tr class=\"wpdt-cell-row \" >\n                                <td class=\"wpdt-cell wpdt-bold wpdt-bc-F44336 wpdt-tc-FFFFFF\"\n                                            data-cell-id=\"A6\"\n                    data-col-index=\"0\"\n                    data-row-index=\"5\"\n                    style=\"                    padding:10px;\n                    \"\n                    >\n                                        MAX HEIGHT:                    <\/td>\n                                                <td class=\"wpdt-cell \"\n                                            data-cell-id=\"B6\"\n                    data-col-index=\"1\"\n                    data-row-index=\"5\"\n                    style=\"                    padding:10px;\n                    \"\n                    >\n                                        4,5 mm \u2013 0,17 In                    <\/td>\n                                        <\/tr>\n                            <tr class=\"wpdt-cell-row \" >\n                                <td class=\"wpdt-cell wpdt-bold wpdt-bc-F44336 wpdt-tc-FFFFFF\"\n                                            data-cell-id=\"A7\"\n                    data-col-index=\"0\"\n                    data-row-index=\"6\"\n                    style=\"                    padding:10px;\n                    \"\n                    >\n                                        MAX WIDTH:                    <\/td>\n                                                <td class=\"wpdt-cell \"\n                                            data-cell-id=\"B7\"\n                    data-col-index=\"1\"\n                    data-row-index=\"6\"\n                    style=\"                    padding:10px;\n                    \"\n                    >\n                                        6,5 mm \u2013 0,45 In                    <\/td>\n                                        <\/tr>\n                            <tr class=\"wpdt-cell-row \" >\n                                <td class=\"wpdt-cell wpdt-bold wpdt-bc-F44336 wpdt-tc-FFFFFF\"\n                                            data-cell-id=\"A8\"\n                    data-col-index=\"0\"\n                    data-row-index=\"7\"\n                    style=\"                    padding:10px;\n                    \"\n                    >\n                                        CLASP:                    <\/td>\n                                                <td class=\"wpdt-cell \"\n                                            data-cell-id=\"B8\"\n                    data-col-index=\"1\"\n                    data-row-index=\"7\"\n                    style=\"                    padding:10px;\n                    \"\n                    >\n                                        Hidden                    <\/td>\n                                        <\/tr>\n                            <tr class=\"wpdt-cell-row \" >\n                                <td class=\"wpdt-cell wpdt-bold wpdt-bc-F44336 wpdt-tc-FFFFFF\"\n                                            data-cell-id=\"A9\"\n                    data-col-index=\"0\"\n                    data-row-index=\"8\"\n                    style=\"                    padding:10px;\n                    \"\n                    >\n                                        CLASP LENGTH:                    <\/td>\n                                                <td class=\"wpdt-cell \"\n                                            data-cell-id=\"B9\"\n                    data-col-index=\"1\"\n                    data-row-index=\"8\"\n                    style=\"                    padding:10px;\n                    \"\n                    >\n                                        23 mm \u2013 0,90 In                    <\/td>\n                                        <\/tr>\n                            <tr class=\"wpdt-cell-row \" >\n                                <td class=\"wpdt-cell wpdt-bold wpdt-bc-F44336 wpdt-tc-FFFFFF\"\n                                            data-cell-id=\"A10\"\n                    data-col-index=\"0\"\n                    data-row-index=\"9\"\n                    style=\"                    padding:10px;\n                    \"\n                    >\n                                        CLASP WEIGHT                    <\/td>\n                                                <td class=\"wpdt-cell \"\n                                            data-cell-id=\"B10\"\n                    data-col-index=\"1\"\n                    data-row-index=\"9\"\n                    style=\"                    padding:10px;\n                    \"\n                    >\n                                        4 g Silver 925\/1000                    <\/td>\n                                        <\/tr>\n                            <tr class=\"wpdt-cell-row \" >\n                                <td class=\"wpdt-cell wpdt-bold wpdt-bc-F44336 wpdt-tc-FFFFFF\"\n                                            data-cell-id=\"A11\"\n                    data-col-index=\"0\"\n                    data-row-index=\"10\"\n                    style=\"                    padding:10px;\n                    \"\n                    >\n                                        NUMBER METAL DETAILS:                    <\/td>\n                                                <td class=\"wpdt-cell \"\n                                            data-cell-id=\"B11\"\n                    data-col-index=\"1\"\n                    data-row-index=\"10\"\n                    style=\"                    padding:10px;\n                    \"\n                    >\n                                        \u2013                    <\/td>\n                                        <\/tr>\n                            <tr class=\"wpdt-cell-row \" >\n                                <td class=\"wpdt-cell wpdt-bold wpdt-bc-F44336 wpdt-tc-FFFFFF\"\n                                            data-cell-id=\"A12\"\n                    data-col-index=\"0\"\n                    data-row-index=\"11\"\n                    style=\"                    padding:10px;\n                    \"\n                    >\n                                        WEIGHT METAL DETAILS (PCS):                    <\/td>\n                                                <td class=\"wpdt-cell \"\n                                            data-cell-id=\"B12\"\n                    data-col-index=\"1\"\n                    data-row-index=\"11\"\n                    style=\"                    padding:10px;\n                    \"\n                    >\n                                        \u2013                    <\/td>\n                                        <\/tr>\n                            <tr class=\"wpdt-cell-row \" >\n                                <td class=\"wpdt-cell wpdt-bold wpdt-bc-F44336 wpdt-tc-FFFFFF\"\n                                            data-cell-id=\"A13\"\n                    data-col-index=\"0\"\n                    data-row-index=\"12\"\n                    style=\"                    padding:10px;\n                    \"\n                    >\n                                        WEIGHT COMPLETE BRACELET:                    <\/td>\n                                                <td class=\"wpdt-cell \"\n                                            data-cell-id=\"B13\"\n                    data-col-index=\"1\"\n                    data-row-index=\"12\"\n                    style=\"                    padding:10px;\n                    \"\n                    >\n                                        6 g Silver 925\/1000                    <\/td>\n                                        <\/tr>\n                    <\/table>\n<\/div><style id='wpdt-custom-style-14'>\n.wpdt-bc-F44336 { background-color: #F44336 !important;}\n.wpdt-tc-FFFFFF { color: #FFFFFF !important;}\n<\/style>\n\n<p>&nbsp;<\/p>\n<p>&nbsp;<\/p>\n<\/div>\n<\/div>\n<p><span style=\"font-size: 12px;\">WARRANTY AND PACKAGING: THE MONGRIP\u2122 JEWELRY COMES WITH A GUARANTEE CERTIFICATE ATTESTING TO THE TYPE OF METAL (GOLD 18 KT OR SILVER 925) AND TYRE PORTION USED.<br \/>\nTHE WEIGHTS AND MEASURES OF THE COMPLETE BRACELET ARE APPROXIMATE AND VARY DEPENDING ON THE CHARACTERISTICS OF THE TIRE PORTION USED (TOLERANCE +\/- 5%).<\/span><\/p>\n","protected":false},"excerpt":{"rendered":"<h4 style=\"text-align: center;\">Die Essenz des MONGRIP \u2122 -Designs mit seiner au\u00dfergew\u00f6hnlichen Einfachheit in einem minimalistischen und dennoch rauen Stil ist perfekt f\u00fcr den t\u00e4glichen Gebrauch, sowohl f\u00fcr ihn als auch f\u00fcr sie.<\/h4>\n<p>&nbsp;<\/p>\n<p>&nbsp;<\/p>\n","protected":false},"featured_media":78719,"template":"","meta":{"iawp_total_views":60},"product_type":[5],"product_cat":[175,172,185],"product_tag":[],"class_list":{"0":"post-78766","1":"product","2":"type-product","3":"status-publish","4":"has-post-thumbnail","6":"product_cat-gt-race-de","7":"product_cat-rascasse-de","8":"product_cat-silver-925-1000-de","10":"first","11":"instock","12":"taxable","13":"shipping-taxable","14":"purchasable","15":"product-type-variable"},"_links":{"self":[{"href":"https:\/\/dev.mongrip.com\/de\/wp-json\/wp\/v2\/product\/78766"}],"collection":[{"href":"https:\/\/dev.mongrip.com\/de\/wp-json\/wp\/v2\/product"}],"about":[{"href":"https:\/\/dev.mongrip.com\/de\/wp-json\/wp\/v2\/types\/product"}],"wp:featuredmedia":[{"embeddable":true,"href":"https:\/\/dev.mongrip.com\/de\/wp-json\/wp\/v2\/media\/78719"}],"wp:attachment":[{"href":"https:\/\/dev.mongrip.com\/de\/wp-json\/wp\/v2\/media?parent=78766"}],"wp:term":[{"taxonomy":"product_type","embeddable":true,"href":"https:\/\/dev.mongrip.com\/de\/wp-json\/wp\/v2\/product_type?post=78766"},{"taxonomy":"product_cat","embeddable":true,"href":"https:\/\/dev.mongrip.com\/de\/wp-json\/wp\/v2\/product_cat?post=78766"},{"taxonomy":"product_tag","embeddable":true,"href":"https:\/\/dev.mongrip.com\/de\/wp-json\/wp\/v2\/product_tag?post=78766"}],"curies":[{"name":"wp","href":"https:\/\/api.w.org\/{rel}","templated":true}]}}