{"id":23342,"date":"2019-12-09T11:24:40","date_gmt":"2019-12-09T10:24:40","guid":{"rendered":"https:\/\/www.mongrip.com\/prodotto\/ayrton-senna-legend-limited-edition\/"},"modified":"2024-02-23T16:48:24","modified_gmt":"2024-02-23T15:48:24","slug":"ayrton-senna-legend-limited-edition","status":"publish","type":"product","link":"https:\/\/dev.mongrip.com\/de\/Produkt\/ayrton-senna-legend-limited-edition\/","title":{"rendered":"AYRTON SENNA LEGEND LIMITED EDITION &#8211; 18K ROSE GOLD"},"content":{"rendered":"[vc_row type=&#8220;in_container&#8220; full_screen_row_position=&#8220;middle&#8220; column_margin=&#8220;default&#8220; column_direction=&#8220;default&#8220; column_direction_tablet=&#8220;default&#8220; column_direction_phone=&#8220;default&#8220; scene_position=&#8220;center&#8220; text_color=&#8220;dark&#8220; text_align=&#8220;left&#8220; row_border_radius=&#8220;none&#8220; row_border_radius_applies=&#8220;bg&#8220; overflow=&#8220;visible&#8220; overlay_strength=&#8220;0.3&#8243; gradient_direction=&#8220;left_to_right&#8220; shape_divider_position=&#8220;bottom&#8220; bg_image_animation=&#8220;none&#8220;][vc_column column_padding=&#8220;no-extra-padding&#8220; column_padding_tablet=&#8220;inherit&#8220; column_padding_phone=&#8220;inherit&#8220; column_padding_position=&#8220;all&#8220; column_element_direction_desktop=&#8220;default&#8220; column_element_spacing=&#8220;default&#8220; desktop_text_alignment=&#8220;default&#8220; tablet_text_alignment=&#8220;default&#8220; phone_text_alignment=&#8220;default&#8220; background_color_opacity=&#8220;1&#8243; background_hover_color_opacity=&#8220;1&#8243; column_backdrop_filter=&#8220;none&#8220; column_shadow=&#8220;none&#8220; column_border_radius=&#8220;none&#8220; column_link_target=&#8220;_self&#8220; column_position=&#8220;default&#8220; gradient_direction=&#8220;left_to_right&#8220; overlay_strength=&#8220;0.3&#8243; width=&#8220;1\/1&#8243; tablet_width_inherit=&#8220;default&#8220; animation_type=&#8220;default&#8220; bg_image_animation=&#8220;none&#8220; border_type=&#8220;simple&#8220; column_border_width=&#8220;none&#8220; column_border_style=&#8220;solid&#8220;][vc_column_text]\n<p class=\"additionalinformationtab\" style=\"margin: 0cm; vertical-align: baseline;\">\n<div class=\"wpdt-c row wpDataTableContainerSimpleTable wpDataTables wpDataTablesWrapper\n\"\n    >\n        <table id=\"wpdtSimpleTable-5\"\n           style=\"border-collapse:collapse;\n                   border-spacing:0px;\"\n           class=\"wpdtSimpleTable wpDataTable\"\n           data-column=\"2\"\n           data-rows=\"13\"\n           data-wpID=\"5\"\n           data-responsive=\"0\"\n           data-has-header=\"0\">\n\n                    <tbody>        <tr class=\"wpdt-cell-row \" >\n                                <td class=\"wpdt-cell wpdt-bold wpdt-bc-F44336 wpdt-tc-FFFFFF\"\n                                            data-cell-id=\"A1\"\n                    data-col-index=\"0\"\n                    data-row-index=\"0\"\n                    style=\" width:46.023688663283%;                    padding:10px;\n                    \"\n                    >\n                                        CODE MODEL:                    <\/td>\n                                                <td class=\"wpdt-cell \"\n                                            data-cell-id=\"B1\"\n                    data-col-index=\"1\"\n                    data-row-index=\"0\"\n                    style=\" width:53.976311336717%;                    padding:10px;\n                    \"\n                    >\n                                        F1LTR                    <\/td>\n                                        <\/tr>\n                            <tr class=\"wpdt-cell-row \" >\n                                <td class=\"wpdt-cell wpdt-bold wpdt-bc-F44336 wpdt-tc-FFFFFF\"\n                                            data-cell-id=\"A2\"\n                    data-col-index=\"0\"\n                    data-row-index=\"1\"\n                    style=\"                    padding:10px;\n                    \"\n                    >\n                                        COLLECTIONS:                    <\/td>\n                                                <td class=\"wpdt-cell \"\n                                            data-cell-id=\"B2\"\n                    data-col-index=\"1\"\n                    data-row-index=\"1\"\n                    style=\"                    padding:10px;\n                    \"\n                    >\n                                        Legend                    <\/td>\n                                        <\/tr>\n                            <tr class=\"wpdt-cell-row \" >\n                                <td class=\"wpdt-cell wpdt-bold wpdt-bc-F44336 wpdt-tc-FFFFFF\"\n                                            data-cell-id=\"A3\"\n                    data-col-index=\"0\"\n                    data-row-index=\"2\"\n                    style=\"                    padding:10px;\n                    \"\n                    >\n                                        BRACELET SERIAL NUMBER:                    <\/td>\n                                                <td class=\"wpdt-cell \"\n                                            data-cell-id=\"B3\"\n                    data-col-index=\"1\"\n                    data-row-index=\"2\"\n                    style=\"                    padding:10px;\n                    \"\n                    >\n                                        Yes                    <\/td>\n                                        <\/tr>\n                            <tr class=\"wpdt-cell-row \" >\n                                <td class=\"wpdt-cell wpdt-bold wpdt-bc-F44336 wpdt-tc-FFFFFF\"\n                                            data-cell-id=\"A4\"\n                    data-col-index=\"0\"\n                    data-row-index=\"3\"\n                    style=\"                    padding:10px;\n                    \"\n                    >\n                                        METAL:                    <\/td>\n                                                <td class=\"wpdt-cell \"\n                                            data-cell-id=\"B4\"\n                    data-col-index=\"1\"\n                    data-row-index=\"3\"\n                    style=\"                    padding:10px;\n                    \"\n                    >\n                                        18K Rose Gold                    <\/td>\n                                        <\/tr>\n                            <tr class=\"wpdt-cell-row \" >\n                                <td class=\"wpdt-cell wpdt-bold wpdt-bc-F44336 wpdt-tc-FFFFFF\"\n                                            data-cell-id=\"A5\"\n                    data-col-index=\"0\"\n                    data-row-index=\"4\"\n                    style=\"                    padding:10px;\n                    \"\n                    >\n                                        METAL FINISHING:                    <\/td>\n                                                <td class=\"wpdt-cell \"\n                                            data-cell-id=\"B5\"\n                    data-col-index=\"1\"\n                    data-row-index=\"4\"\n                    style=\"                    padding:10px;\n                    \"\n                    >\n                                        SATIN                    <\/td>\n                                        <\/tr>\n                            <tr class=\"wpdt-cell-row \" >\n                                <td class=\"wpdt-cell wpdt-bold wpdt-bc-F44336 wpdt-tc-FFFFFF\"\n                                            data-cell-id=\"A6\"\n                    data-col-index=\"0\"\n                    data-row-index=\"5\"\n                    style=\"                    padding:10px;\n                    \"\n                    >\n                                        MAX HEIGHT:                    <\/td>\n                                                <td class=\"wpdt-cell \"\n                                            data-cell-id=\"B6\"\n                    data-col-index=\"1\"\n                    data-row-index=\"5\"\n                    style=\"                    padding:10px;\n                    \"\n                    >\n                                        4,5 mm \u2013 0,18 In                    <\/td>\n                                        <\/tr>\n                            <tr class=\"wpdt-cell-row \" >\n                                <td class=\"wpdt-cell wpdt-bold wpdt-bc-F44336 wpdt-tc-FFFFFF\"\n                                            data-cell-id=\"A7\"\n                    data-col-index=\"0\"\n                    data-row-index=\"6\"\n                    style=\"                    padding:10px;\n                    \"\n                    >\n                                        MAX WIDTH:                    <\/td>\n                                                <td class=\"wpdt-cell \"\n                                            data-cell-id=\"B7\"\n                    data-col-index=\"1\"\n                    data-row-index=\"6\"\n                    style=\"                    padding:10px;\n                    \"\n                    >\n                                        11,5 mm \u2013 0,45 In                    <\/td>\n                                        <\/tr>\n                            <tr class=\"wpdt-cell-row \" >\n                                <td class=\"wpdt-cell wpdt-bold wpdt-bc-F44336 wpdt-tc-FFFFFF\"\n                                            data-cell-id=\"A8\"\n                    data-col-index=\"0\"\n                    data-row-index=\"7\"\n                    style=\"                    padding:10px;\n                    \"\n                    >\n                                        CLASP:                    <\/td>\n                                                <td class=\"wpdt-cell \"\n                                            data-cell-id=\"B8\"\n                    data-col-index=\"1\"\n                    data-row-index=\"7\"\n                    style=\"                    padding:10px;\n                    \"\n                    >\n                                        Hidden                    <\/td>\n                                        <\/tr>\n                            <tr class=\"wpdt-cell-row \" >\n                                <td class=\"wpdt-cell wpdt-bold wpdt-bc-F44336 wpdt-tc-FFFFFF\"\n                                            data-cell-id=\"A9\"\n                    data-col-index=\"0\"\n                    data-row-index=\"8\"\n                    style=\"                    padding:10px;\n                    \"\n                    >\n                                        CLASP LENGTH:                    <\/td>\n                                                <td class=\"wpdt-cell \"\n                                            data-cell-id=\"B9\"\n                    data-col-index=\"1\"\n                    data-row-index=\"8\"\n                    style=\"                    padding:10px;\n                    \"\n                    >\n                                        23 mm \u2013 0,91 In                    <\/td>\n                                        <\/tr>\n                            <tr class=\"wpdt-cell-row \" >\n                                <td class=\"wpdt-cell wpdt-bold wpdt-bc-F44336 wpdt-tc-FFFFFF\"\n                                            data-cell-id=\"A10\"\n                    data-col-index=\"0\"\n                    data-row-index=\"9\"\n                    style=\"                    padding:10px;\n                    \"\n                    >\n                                        CLASP WEIGHT                    <\/td>\n                                                <td class=\"wpdt-cell \"\n                                            data-cell-id=\"B10\"\n                    data-col-index=\"1\"\n                    data-row-index=\"9\"\n                    style=\"                    padding:10px;\n                    \"\n                    >\n                                        8,5 g 18K Gold                    <\/td>\n                                        <\/tr>\n                            <tr class=\"wpdt-cell-row \" >\n                                <td class=\"wpdt-cell wpdt-bold wpdt-bc-F44336 wpdt-tc-FFFFFF\"\n                                            data-cell-id=\"A11\"\n                    data-col-index=\"0\"\n                    data-row-index=\"10\"\n                    style=\"                    padding:10px;\n                    \"\n                    >\n                                        NUMBER METAL DETAILS:                    <\/td>\n                                                <td class=\"wpdt-cell \"\n                                            data-cell-id=\"B11\"\n                    data-col-index=\"1\"\n                    data-row-index=\"10\"\n                    style=\"                    padding:10px;\n                    \"\n                    >\n                                        \u2013                    <\/td>\n                                        <\/tr>\n                            <tr class=\"wpdt-cell-row \" >\n                                <td class=\"wpdt-cell wpdt-bold wpdt-bc-F44336 wpdt-tc-FFFFFF\"\n                                            data-cell-id=\"A12\"\n                    data-col-index=\"0\"\n                    data-row-index=\"11\"\n                    style=\"                    padding:10px;\n                    \"\n                    >\n                                        WEIGHT METAL DETAILS (PCS):                    <\/td>\n                                                <td class=\"wpdt-cell \"\n                                            data-cell-id=\"B12\"\n                    data-col-index=\"1\"\n                    data-row-index=\"11\"\n                    style=\"                    padding:10px;\n                    \"\n                    >\n                                        \u2013                    <\/td>\n                                        <\/tr>\n                            <tr class=\"wpdt-cell-row \" >\n                                <td class=\"wpdt-cell wpdt-bold wpdt-bc-F44336 wpdt-tc-FFFFFF\"\n                                            data-cell-id=\"A13\"\n                    data-col-index=\"0\"\n                    data-row-index=\"12\"\n                    style=\"                    padding:10px;\n                    \"\n                    >\n                                        WEIGHT COMPLETE BRACELET:                    <\/td>\n                                                <td class=\"wpdt-cell \"\n                                            data-cell-id=\"B13\"\n                    data-col-index=\"1\"\n                    data-row-index=\"12\"\n                    style=\"                    padding:10px;\n                    \"\n                    >\n                                        13\u00a0 g                    <\/td>\n                                        <\/tr>\n                    <\/table>\n<\/div><style id='wpdt-custom-style-5'>\n.wpdt-bc-F44336 { background-color: #F44336 !important;}\n.wpdt-tc-FFFFFF { color: #FFFFFF !important;}\n<\/style>\n\n<p>&nbsp;<\/p>\n<p><span style=\"font-size: 10px;\">WARRANTY AND PACKAGING: THE MONGRIP\u2122 JEWELRY COMES WITH A GUARANTEE CERTIFICATE ATTESTING TO THE TYPE OF METAL 18K GOLD AND TYRE PORTION USED.<\/span><\/p>\n<p><span style=\"font-size: 10px;\">THE WEIGHTS AND MEASURES OF THE COMPLETE BRACELET ARE APPROXIMATE AND VARY DEPENDING ON THE CHARACTERISTICS OF THE TIRE PORTION USED (TOLERANCE +\/- 5%).<\/span>[\/vc_column_text][\/vc_column][\/vc_row]\n","protected":false},"excerpt":{"rendered":"<p><strong>18K ROSE GOLD &amp; AUTHENTIC TYRE VON AYRTON SENNA 1993 IM DONINGTON PARK GP<\/strong><\/p>\n<p>Zu Ehren des unvergesslichen Champions schuf MONGRIP die erste Legend Limited Edition, die aus 161 Armb\u00e4ndern bestand, als es Starts in den F1-GPs von Ayrton Senna gab.<\/p>\n<p><img loading=\"lazy\" decoding=\"async\" class=\"alignleft wp-image-20980 size-full\" src=\"https:\/\/dev.mongrip.com\/wp-content\/uploads\/2019\/12\/selo_transp_pic5.fw_.png\" alt=\"\" width=\"100\" height=\"120\" \/><\/p>\n<p>\u201c<em>Part of the revenue obtained from this product is used to support the educational programs of Ayrton Senna Institute<\/em>\u201d<\/p>\n<p>&nbsp;<\/p>\n<p><strong>Ihr kultiges DP93 wird f\u00fcr Sie ma\u00dfgeschneidert.<\/strong><br \/>\nW\u00e4hlen Sie Ihre Gr\u00f6\u00dfe aus den vier vorgeschlagenen Standardgr\u00f6\u00dfen oder w\u00e4hlen Sie die Option &#8222;Benutzerdefinierte Gr\u00f6\u00dfe&#8220; und geben Sie die gew\u00fcnschte Gr\u00f6\u00dfe des Armbands in cm ein<br \/>\nScrollen Sie nach unten, um die <strong>&#8222;Leitfaden zur Gr\u00f6\u00dfe&#8220;<\/strong> zu sehen und zu erfahren, wie Sie die richtige Gr\u00f6\u00dfe f\u00fcr Ihr Armband finden.<\/p>\n","protected":false},"featured_media":23343,"template":"","meta":{"iawp_total_views":177},"product_type":[5],"product_cat":[176],"product_tag":[],"class_list":{"0":"post-23342","1":"product","2":"type-product","3":"status-publish","4":"has-post-thumbnail","6":"product_cat-legend-de","8":"first","9":"instock","10":"taxable","11":"shipping-taxable","12":"purchasable","13":"product-type-variable"},"_links":{"self":[{"href":"https:\/\/dev.mongrip.com\/de\/wp-json\/wp\/v2\/product\/23342"}],"collection":[{"href":"https:\/\/dev.mongrip.com\/de\/wp-json\/wp\/v2\/product"}],"about":[{"href":"https:\/\/dev.mongrip.com\/de\/wp-json\/wp\/v2\/types\/product"}],"wp:featuredmedia":[{"embeddable":true,"href":"https:\/\/dev.mongrip.com\/de\/wp-json\/wp\/v2\/media\/23343"}],"wp:attachment":[{"href":"https:\/\/dev.mongrip.com\/de\/wp-json\/wp\/v2\/media?parent=23342"}],"wp:term":[{"taxonomy":"product_type","embeddable":true,"href":"https:\/\/dev.mongrip.com\/de\/wp-json\/wp\/v2\/product_type?post=23342"},{"taxonomy":"product_cat","embeddable":true,"href":"https:\/\/dev.mongrip.com\/de\/wp-json\/wp\/v2\/product_cat?post=23342"},{"taxonomy":"product_tag","embeddable":true,"href":"https:\/\/dev.mongrip.com\/de\/wp-json\/wp\/v2\/product_tag?post=23342"}],"curies":[{"name":"wp","href":"https:\/\/api.w.org\/{rel}","templated":true}]}}